{"id":11,"date":"2021-04-20T09:07:27","date_gmt":"2021-04-20T09:07:27","guid":{"rendered":"https:\/\/www.evevisage.com\/?page_id=11"},"modified":"2023-09-06T18:56:47","modified_gmt":"2023-09-06T18:56:47","slug":"o-nas","status":"publish","type":"page","link":"https:\/\/www.evevisage.com\/index.php\/o-nas\/","title":{"rendered":"O n\u00e1s"},"content":{"rendered":"\t\t<div data-elementor-type=\"wp-page\" data-elementor-id=\"11\" class=\"elementor elementor-11\">\n\t\t\t\t\t\t<section class=\"elementor-section elementor-top-section elementor-element elementor-element-6d13296 elementor-section-boxed elementor-section-height-default elementor-section-height-default\" data-id=\"6d13296\" data-element_type=\"section\" data-e-type=\"section\">\n\t\t\t\t\t\t<div class=\"elementor-container elementor-column-gap-default\">\n\t\t\t\t\t<div class=\"elementor-column elementor-col-66 elementor-top-column elementor-element elementor-element-5b03b04\" data-id=\"5b03b04\" data-element_type=\"column\" data-e-type=\"column\">\n\t\t\t<div class=\"elementor-widget-wrap elementor-element-populated\">\n\t\t\t\t\t\t<div class=\"elementor-element elementor-element-d6e2a61 elementor-widget elementor-widget-image\" data-id=\"d6e2a61\" data-element_type=\"widget\" data-e-type=\"widget\" data-widget_type=\"image.default\">\n\t\t\t\t<div class=\"elementor-widget-container\">\n\t\t\t\t\t\t\t\t\t\t\t\t\t\t\t<img fetchpriority=\"high\" decoding=\"async\" width=\"512\" height=\"512\" src=\"https:\/\/www.evevisage.com\/wp-content\/uploads\/2021\/04\/cropped-cropped-cropped-cropped-logo-inst-ev-kamkoliv-scaled-2-1.jpg\" class=\"attachment-large size-large wp-image-527\" alt=\"\" srcset=\"https:\/\/www.evevisage.com\/wp-content\/uploads\/2021\/04\/cropped-cropped-cropped-cropped-logo-inst-ev-kamkoliv-scaled-2-1.jpg 512w, https:\/\/www.evevisage.com\/wp-content\/uploads\/2021\/04\/cropped-cropped-cropped-cropped-logo-inst-ev-kamkoliv-scaled-2-1-300x300.jpg 300w, https:\/\/www.evevisage.com\/wp-content\/uploads\/2021\/04\/cropped-cropped-cropped-cropped-logo-inst-ev-kamkoliv-scaled-2-1-150x150.jpg 150w, https:\/\/www.evevisage.com\/wp-content\/uploads\/2021\/04\/cropped-cropped-cropped-cropped-logo-inst-ev-kamkoliv-scaled-2-1-60x60.jpg 60w, https:\/\/www.evevisage.com\/wp-content\/uploads\/2021\/04\/cropped-cropped-cropped-cropped-logo-inst-ev-kamkoliv-scaled-2-1-270x270.jpg 270w, https:\/\/www.evevisage.com\/wp-content\/uploads\/2021\/04\/cropped-cropped-cropped-cropped-logo-inst-ev-kamkoliv-scaled-2-1-192x192.jpg 192w, https:\/\/www.evevisage.com\/wp-content\/uploads\/2021\/04\/cropped-cropped-cropped-cropped-logo-inst-ev-kamkoliv-scaled-2-1-180x180.jpg 180w, https:\/\/www.evevisage.com\/wp-content\/uploads\/2021\/04\/cropped-cropped-cropped-cropped-logo-inst-ev-kamkoliv-scaled-2-1-32x32.jpg 32w\" sizes=\"(max-width: 512px) 100vw, 512px\" \/>\t\t\t\t\t\t\t\t\t\t\t\t\t\t\t<\/div>\n\t\t\t\t<\/div>\n\t\t\t\t\t<\/div>\n\t\t<\/div>\n\t\t\t\t<div class=\"elementor-column elementor-col-33 elementor-top-column elementor-element elementor-element-a975053\" data-id=\"a975053\" data-element_type=\"column\" data-e-type=\"column\">\n\t\t\t<div class=\"elementor-widget-wrap elementor-element-populated\">\n\t\t\t\t\t\t<div class=\"elementor-element elementor-element-e5b8faf elementor-widget elementor-widget-heading\" data-id=\"e5b8faf\" data-element_type=\"widget\" data-e-type=\"widget\" data-widget_type=\"heading.default\">\n\t\t\t\t<div class=\"elementor-widget-container\">\n\t\t\t\t\t<h2 class=\"elementor-heading-title elementor-size-medium\">V oblasti p\u00e9\u010de o vzhled p\u016fsob\u00edm ji\u017e od roku 2014. Zdokonalov\u00e1n\u00ed \u017eensk\u00e9 kr\u00e1sy a prost\u0159edky k jej\u00edmu dosa\u017een\u00ed mne v\u017edy fascinovaly. Specializovan\u00e1 kosmetika mne nadchla svou odbornost\u00ed a estetick\u00fdmi v\u00fdsledky., proto se specializuji a nab\u00edz\u00edm slu\u017eby pr\u00e1v\u011b v t\u00e9to oblasti. Sv\u00e9 znalosti jsem z\u00edskala \u00fa\u010dast\u00ed na semin\u00e1\u0159\u00edch , kde m\u00fdmi u\u010diteli byli ti nejlep\u0161\u00ed v oboru. Nov\u00e9 techniky a metody kladou d\u016fraz na p\u0159irozenost, zv\u00fdrazn\u011bn\u00ed kr\u00e1sn\u00fdch rys\u016f obli\u010deje a naopak potla\u010den\u00ed jeho nedostatk\u016f a nesoum\u011brnost\u00ed..<\/h2>\t\t\t\t<\/div>\n\t\t\t\t<\/div>\n\t\t\t\t\t<\/div>\n\t\t<\/div>\n\t\t\t\t\t<\/div>\n\t\t<\/section>\n\t\t\t\t<\/div>\n\t\t","protected":false},"excerpt":{"rendered":"<p>V oblasti p\u00e9\u010de o vzhled p\u016fsob\u00edm ji\u017e od roku 2014. Zdokonalov\u00e1n\u00ed \u017eensk\u00e9 kr\u00e1sy a prost\u0159edky k jej\u00edmu dosa\u017een\u00ed mne v\u017edy fascinovaly. Specializovan\u00e1 kosmetika mne nadchla svou odbornost\u00ed a estetick\u00fdmi v\u00fdsledky., proto se specializuji a nab\u00edz\u00edm slu\u017eby pr\u00e1v\u011b v t\u00e9to oblasti. Sv\u00e9 znalosti jsem z\u00edskala \u00fa\u010dast\u00ed na semin\u00e1\u0159\u00edch , kde m\u00fdmi u\u010diteli byli ti nejlep\u0161\u00ed v oboru. Nov\u00e9 techniky a metody &hellip; <\/p>\n","protected":false},"author":1,"featured_media":0,"parent":0,"menu_order":0,"comment_status":"closed","ping_status":"closed","template":"","meta":{"footnotes":""},"class_list":["post-11","page","type-page","status-publish","hentry"],"_links":{"self":[{"href":"https:\/\/www.evevisage.com\/index.php\/wp-json\/wp\/v2\/pages\/11","targetHints":{"allow":["GET"]}}],"collection":[{"href":"https:\/\/www.evevisage.com\/index.php\/wp-json\/wp\/v2\/pages"}],"about":[{"href":"https:\/\/www.evevisage.com\/index.php\/wp-json\/wp\/v2\/types\/page"}],"author":[{"embeddable":true,"href":"https:\/\/www.evevisage.com\/index.php\/wp-json\/wp\/v2\/users\/1"}],"replies":[{"embeddable":true,"href":"https:\/\/www.evevisage.com\/index.php\/wp-json\/wp\/v2\/comments?post=11"}],"version-history":[{"count":5,"href":"https:\/\/www.evevisage.com\/index.php\/wp-json\/wp\/v2\/pages\/11\/revisions"}],"predecessor-version":[{"id":932,"href":"https:\/\/www.evevisage.com\/index.php\/wp-json\/wp\/v2\/pages\/11\/revisions\/932"}],"wp:attachment":[{"href":"https:\/\/www.evevisage.com\/index.php\/wp-json\/wp\/v2\/media?parent=11"}],"curies":[{"name":"wp","href":"https:\/\/api.w.org\/{rel}","templated":true}]}}